{"id":556,"date":"2024-02-07T21:56:07","date_gmt":"2024-02-07T21:56:07","guid":{"rendered":"https:\/\/seujobs.com\/?page_id=556"},"modified":"2024-02-26T20:54:36","modified_gmt":"2024-02-26T20:54:36","slug":"terms","status":"publish","type":"page","link":"https:\/\/seujobs.com\/es\/terms\/","title":{"rendered":"Terminos de uso\u00a0"},"content":{"rendered":"<div class=\"mx-5 sm:mx-0 prose leading-relaxed text-lg mb-5 text-left wp-paragraph\">\n<p>Informaci\u00f3n actualizada el 5 de febrero de 2024.<\/p>\n<\/div><div class=\"mx-5 sm:mx-0 prose leading-relaxed text-lg mb-5 text-left wp-paragraph\">\n<p><strong>POR FAVOR LEA DETENIDAMENTE NUESTRAS CONDICIONES DE USO. SI NO ACEPTA ESTOS T\u00c9RMINOS, NO UTILICE LOS SERVICIOS PROPORCIONADOS POR YOUR JOBS.<\/strong><\/p>\n<\/div><div class=\"mx-5 sm:mx-0 prose leading-relaxed text-lg mb-5 text-left wp-paragraph\">\n<p>El portal Seu Jobs, una plataforma que engloba una variedad de contenidos sobre ofertas de empleo y consejos profesionales, est\u00e1 gestionado por el equipo responsable representado como \u201cnosotros\u201d en este contexto espec\u00edfico.<\/p>\n<\/div><div class=\"mx-5 sm:mx-0 prose leading-relaxed text-lg mb-5 text-left wp-paragraph\">\n<p>El acceso y uso de este portal est\u00e1n sujetos a los t\u00e9rminos, condiciones y pol\u00edticas aqu\u00ed descritas. Al acceder al portal, el usuario manifiesta su conformidad con todas las disposiciones contenidas en este documento.<\/p>\n<\/div><div class=\"mx-5 sm:mx-0 prose leading-relaxed text-lg mb-5 text-left wp-paragraph\">\n<p>El equipo de Seu Jobs se reserva el derecho de cambiar estos t\u00e9rminos en cualquier momento, sin previo aviso. Dichos cambios ser\u00e1n publicados en el portal y entrar\u00e1n en vigor de forma inmediata. El usuario es totalmente responsable de su comportamiento dentro del portal, y Seu Jobs no asume ninguna responsabilidad por cualquier da\u00f1o o p\u00e9rdida que el usuario cause a s\u00ed mismo o a terceros.<\/p>\n<\/div><div class=\"mx-5 sm:mx-0 prose leading-relaxed text-lg mb-5 text-left wp-paragraph\">\n<p>Se proh\u00edbe a los usuarios publicar contenidos ilegales, difamatorios, obscenos o que violen derechos de terceros, utilizar el portal con fines comerciales o interferir en su funcionamiento o en los servicios ofrecidos.<\/p>\n<\/div><div class=\"mx-5 sm:mx-0 prose leading-relaxed text-lg mb-5 text-left wp-paragraph\">\n<p>Your Jobs recopila y utiliza datos personales de los usuarios para su identificaci\u00f3n, registro y prestaci\u00f3n de servicios, tal y como se detalla en nuestra Pol\u00edtica de Privacidad. Al acceder y utilizar Seu Jobs, el usuario acepta los t\u00e9rminos y condiciones establecidos en este documento. En caso de no estar de acuerdo deber\u00e1 abstenerse de acceder al portal.<\/p>\n<\/div><!--advertisement--><div class=\"mx-5 sm:mx-0 sm:text-3xl text-2xl font-medium title-font mb-4 text-gray-900 text-left\">\n<h2 id=\"h-secao-i-admissao\">Secci\u00f3n I \u2013 Admisi\u00f3n<\/h2>\n<\/div><div class=\"mx-5 sm:mx-0 prose leading-relaxed text-lg mb-5 text-left wp-paragraph\">\n<p>Al explorar los contenidos y aprovechar los servicios ofrecidos en el portal Seu Jobs, el usuario est\u00e1 sujeto a las siguientes condiciones: aceptar los T\u00e9rminos y Condiciones Generales de Uso y la Pol\u00edtica de Privacidad, adem\u00e1s de tener al menos 18 a\u00f1os y tener plena capacidad civil. Si no se cumplen estos requisitos, se recomienda al usuario que se abstenga de acceder o utilizar los servicios prestados por el portal Seu Jobs.<\/p>\n<\/div><!--advertisement--><div class=\"mx-5 sm:mx-0 sm:text-3xl text-2xl font-medium title-font mb-4 text-gray-900 text-left\">\n<h2>Secci\u00f3n II \u2013 Formularios de contacto<\/h2>\n<\/div><div class=\"mx-5 sm:mx-0 prose leading-relaxed text-lg mb-5 text-left wp-paragraph\">\n<p>Para establecer comunicaci\u00f3n, el usuario puede enviar su solicitud mediante el formulario que se encuentra en <a style=\" color:;\" href=\"https:\/\/seujobs.com\/es\/contact\/\" target=\"_blank\" rel=\"noreferrer noopener\">https:\/\/seujobs.com\/contact\/<\/a>. Nuestro equipo de soporte est\u00e1 disponible para responder preguntas, resolver problemas o recibir comentarios.<\/p>\n<\/div><!--advertisement--><div class=\"mx-5 sm:mx-0 sm:text-3xl text-2xl font-medium title-font mb-4 text-gray-900 text-left\">\n<h2>Secci\u00f3n III \u2013 Responsabilidades Mutuas<\/h2>\n<\/div><div class=\"mx-5 sm:mx-0 prose leading-relaxed text-lg mb-5 text-left wp-paragraph\">\n<p>Al utilizar los servicios de Seu Jobs, el usuario declara haber le\u00eddo, comprendido y aceptado los T\u00e9rminos y Condiciones de Uso, as\u00ed como la Pol\u00edtica de Privacidad. El portal ofrece enlaces a p\u00e1ginas externas, pero no es responsable de las pol\u00edticas o t\u00e9rminos de uso de estos sitios. Se recomienda que el usuario revise los t\u00e9rminos y pol\u00edticas de estas plataformas antes de realizar cualquier transacci\u00f3n.<\/p>\n<\/div><div class=\"mx-5 sm:mx-0 prose leading-relaxed text-lg mb-5 text-left wp-paragraph\">\n<p>No somos responsables de los da\u00f1os resultantes de virus o software malicioso obtenidos durante la navegaci\u00f3n en l\u00ednea o la transferencia de datos. Recomendamos que el usuario tome precauciones para proteger su sistema, como utilizar antivirus y firewall actualizados. Tampoco somos responsables de los da\u00f1os resultantes del uso inadecuado del sitio o de eventos fuera de nuestro control.<\/p>\n<\/div><div class=\"mx-5 sm:mx-0 prose leading-relaxed text-lg mb-5 text-left wp-paragraph\">\n<p>No requerimos dep\u00f3sitos ni transferencias bancarias para aprobar u otorgar productos financieros. Las solicitudes de este tipo deben tratarse con precauci\u00f3n ya que pueden ser intentos fraudulentos. No enviamos correos electr\u00f3nicos solicitando informaci\u00f3n personal o de registro. Si recibe comunicaciones de este tipo, le rogamos que se ponga en contacto con nosotros inmediatamente mediante el formulario en <a style=\" color:;\" href=\"https:\/\/seujobs.com\/es\/contact\/\" target=\"_blank\" rel=\"noreferrer noopener\">https:\/\/seujobs.com\/contact\/<\/a>.<\/p>\n<\/div><!--advertisement--><div class=\"mx-5 sm:mx-0 sm:text-3xl text-2xl font-medium title-font mb-4 text-gray-900 text-left\">\n<h2>Secci\u00f3n IV \u2013 T\u00e9rminos de uso y restricciones<\/h2>\n<\/div><div class=\"mx-5 sm:mx-0 prose leading-relaxed text-lg mb-5 text-left wp-paragraph\">\n<p>Para acceder y utilizar nuestros servicios y contenidos, el usuario deber\u00e1 seguir las condiciones y restricciones establecidas, incluyendo el uso legal de los servicios, el cumplimiento de la ley, el respeto a la propiedad intelectual, el comportamiento \u00e9tico, la veracidad de la informaci\u00f3n, la seguridad, el respeto a la privacidad, evitar actividades ilegales o nocivas, fines indebidos e integridad t\u00e9cnica.&nbsp;<\/p>\n<\/div><div class=\"mx-5 sm:mx-0 prose leading-relaxed text-lg mb-5 text-left wp-paragraph\">\n<p>Seu Jobs se reserva el derecho de suspender el acceso a nuestros servicios en caso de incumplimiento de estas restricciones.<\/p>\n<\/div><!--advertisement--><div class=\"mx-5 sm:mx-0 sm:text-3xl text-2xl font-medium title-font mb-4 text-gray-900 text-left\">\n<h2>Secci\u00f3n V \u2013 Limitaciones de Responsabilidad y Garant\u00edas<\/h2>\n<\/div><div class=\"mx-5 sm:mx-0 prose leading-relaxed text-lg mb-5 text-left wp-paragraph\">\n<p>Seu Jobs presta sus servicios sin ofrecer garant\u00edas de ning\u00fan tipo. El usuario reconoce que el uso de los servicios del sitio web de Seu Jobs puede implicar riesgos, siendo la responsabilidad de cualquier da\u00f1o o p\u00e9rdida derivada del uso de los servicios exclusivamente del usuario.&nbsp;<\/p>\n<\/div><div class=\"mx-5 sm:mx-0 prose leading-relaxed text-lg mb-5 text-left wp-paragraph\">\n<p>Seu Jobs, sus directores, empleados o socios no ser\u00e1n responsables de da\u00f1os indirectos, incidentales, especiales o consecuentes.<\/p>\n<\/div><!--advertisement--><div class=\"mx-5 sm:mx-0 sm:text-3xl text-2xl font-medium title-font mb-4 text-gray-900 text-left\">\n<h2>Secci\u00f3n VI \u2013 Vigencia y Plazo<\/h2>\n<\/div><div class=\"mx-5 sm:mx-0 prose leading-relaxed text-lg mb-5 text-left wp-paragraph\">\n<p>Las quejas relacionadas con el uso del sitio web de Seu Jobs deber\u00e1n presentarse dentro de los 90 d\u00edas siguientes a la fecha del hecho que dio lugar a la queja. Las Condiciones Generales de Uso de Seu Jobs permanecen vigentes por tiempo indefinido.<\/p>\n<\/div><!--advertisement--><div class=\"mx-5 sm:mx-0 sm:text-3xl text-2xl font-medium title-font mb-4 text-gray-900 text-left\">\n<h2>Secci\u00f3n VII - Legislaci\u00f3n y Lugar de Jurisdicci\u00f3n<\/h2>\n<\/div><div class=\"mx-5 sm:mx-0 prose leading-relaxed text-lg mb-5 text-left wp-paragraph\">\n<p>Los T\u00e9rminos y Condiciones Generales de Uso de Seu Jobs y la Pol\u00edtica de Privacidad se rigen por las leyes de la Rep\u00fablica Federativa de Brasil, incluyendo la Constituci\u00f3n Federal, el C\u00f3digo Civil, el C\u00f3digo de Protecci\u00f3n al Consumidor, la Ley General del Marco Civil da Internet y la Ley General de Protecci\u00f3n de Datos.<\/p>\n<\/div><!--advertisement--><div class=\"mx-5 sm:mx-0 sm:text-3xl text-2xl font-medium title-font mb-4 text-gray-900 text-left\">\n<h2>Secci\u00f3n VIII \u2013 Contenidos y Derechos Intelectuales<\/h2>\n<\/div><div class=\"mx-5 sm:mx-0 prose leading-relaxed text-lg mb-5 text-left wp-paragraph\">\n<p>El contenido presente en Seu Jobs, incluidos textos, im\u00e1genes, v\u00eddeos y otros materiales, es propiedad de Seu Jobs y sus colaboradores, protegidos por las normas de derechos de autor y propiedad intelectual. Cualquier reproducci\u00f3n, modificaci\u00f3n, distribuci\u00f3n, exhibici\u00f3n o creaci\u00f3n de trabajos derivados de este contenido sin la autorizaci\u00f3n expresa de Seu Jobs est\u00e1 estrictamente prohibida.<\/p>\n<\/div><div class=\"mx-5 sm:mx-0 prose leading-relaxed text-lg mb-5 text-left wp-paragraph\">\n<p>Seu Jobs no asume ninguna responsabilidad por los contenidos generados por terceros, como comentarios y publicaciones en foros o redes sociales. Adem\u00e1s, no es responsable de los da\u00f1os derivados del uso del sitio web, ya sean directos, indirectos, incidentales o consecuentes. La empresa se reserva el derecho de eliminar contenidos que violen estas condiciones, especialmente aquellos considerados ilegales, ofensivos, difamatorios o que violen derechos de terceros, pudiendo tambi\u00e9n dar de baja las cuentas de los usuarios que incumplan estas condiciones.<\/p>\n<\/div><!--advertisement--><div class=\"mx-5 sm:mx-0 sm:text-3xl text-2xl font-medium title-font mb-4 text-gray-900 text-left\">\n<h2>Secci\u00f3n IX \u2013 Cambios a los T\u00e9rminos y Condiciones<\/h2>\n<\/div><div class=\"mx-5 sm:mx-0 prose leading-relaxed text-lg mb-5 text-left wp-paragraph\">\n<p>Los servicios ofrecidos por Seu Jobs podr\u00e1n ser modificados o incluso suspendidos en cualquier momento, sin previo aviso. Seu Jobs no asume ninguna responsabilidad ante los usuarios o terceros por dichas modificaciones. La aceptaci\u00f3n de estos T\u00e9rminos y Condiciones es una condici\u00f3n irrevocable para el uso del sitio web de Seu Jobs. Los usuarios que no est\u00e9n de acuerdo con estas condiciones deber\u00e1n abstenerse de utilizarlo.<\/p>\n<\/div><!--advertisement--><div class=\"mx-5 sm:mx-0 sm:text-3xl text-2xl font-medium title-font mb-4 text-gray-900 text-left\">\n<h2>Secci\u00f3n X \u2013 Informaci\u00f3n de contacto<\/h2>\n<\/div><div class=\"mx-5 sm:mx-0 prose leading-relaxed text-lg mb-5 text-left wp-paragraph\">\n<p>Si el usuario tiene sugerencias o quejas sobre los contenidos y servicios de la web de Seu Jobs, recomendamos contactar con nuestro equipo de atenci\u00f3n al cliente a trav\u00e9s del canal <a style=\" color:;\" href=\"https:\/\/seujobs.com\/es\/contact\/\" target=\"_blank\" rel=\"noreferrer noopener\">https:\/\/seujobs.com\/contact\/<\/a>.<\/p>\n<\/div>","protected":false},"excerpt":{"rendered":"<p>Informaci\u00f3n actualizada al 5 de febrero de 2024. POR FAVOR LEA ATENTAMENTE NUESTRAS CONDICIONES DE USO. SI NO ACEPTA ESTOS T\u00c9RMINOS, NO UTILICE LOS SERVICIOS PROPORCIONADOS POR YOUR JOBS. El portal Seu Jobs, una plataforma que engloba diversos contenidos sobre ofertas de empleo y consejos profesionales, est\u00e1 gestionado por\u2026 <a class=\"more-link\" href=\"https:\/\/seujobs.com\/es\/terms\/\">sigue leyendo <span class=\"screen-reader-text\">Terminos de uso\u00a0<\/span><\/a><\/p>","protected":false},"author":17,"featured_media":0,"parent":0,"menu_order":0,"comment_status":"closed","ping_status":"closed","template":"","meta":[],"yoast_head":"<!-- This site is optimized with the Yoast SEO Premium plugin v18.7 (Yoast SEO v19.1) - https:\/\/yoast.com\/wordpress\/plugins\/seo\/ -->\n<title>Termos de Uso\u00a0 - Seu Jobs<\/title>\n<meta name=\"robots\" content=\"index, follow, max-snippet:-1, max-image-preview:large, max-video-preview:-1\" \/>\n<link rel=\"canonical\" href=\"https:\/\/seujobs.com\/es\/terms\/\" \/>\n<meta property=\"og:locale\" content=\"es_ES\" \/>\n<meta property=\"og:type\" content=\"article\" \/>\n<meta property=\"og:title\" content=\"Termos de Uso\u00a0\" \/>\n<meta property=\"og:description\" content=\"Informa\u00e7\u00f5es atualizadas em 05 de fevereiro de 2024. POR FAVOR, LEIA NOSSOS TERMOS DE USO CUIDADOSAMENTE. SE VOC\u00ca N\u00c3O CONCORDA COM ESTES TERMOS, N\u00c3O USE OS SERVI\u00c7OS FORNECIDOS PELO SEU JOBS. O portal Seu Jobs, uma plataforma que engloba uma variedade de conte\u00fados sobre vagas de trabalho e dicas para carreira, \u00e9 gerenciado pela equipe&hellip; Continue reading Termos de Uso\u00a0\" \/>\n<meta property=\"og:url\" content=\"https:\/\/seujobs.com\/es\/terms\/\" \/>\n<meta property=\"og:site_name\" content=\"Seu Jobs\" \/>\n<meta property=\"article:modified_time\" content=\"2024-02-26T20:54:36+00:00\" \/>\n<meta name=\"twitter:card\" content=\"summary_large_image\" \/>\n<meta name=\"twitter:label1\" content=\"Est. reading time\" \/>\n\t<meta name=\"twitter:data1\" content=\"6 minutos\" \/>\n<script type=\"application\/ld+json\" class=\"yoast-schema-graph\">{\"@context\":\"https:\/\/schema.org\",\"@graph\":[{\"@type\":\"WebSite\",\"@id\":\"https:\/\/seujobs.com\/#website\",\"url\":\"https:\/\/seujobs.com\/\",\"name\":\"Seu Jobs\",\"description\":\"\",\"potentialAction\":[{\"@type\":\"SearchAction\",\"target\":{\"@type\":\"EntryPoint\",\"urlTemplate\":\"https:\/\/seujobs.com\/?s={search_term_string}\"},\"query-input\":\"required name=search_term_string\"}],\"inLanguage\":\"es\"},{\"@type\":\"WebPage\",\"@id\":\"https:\/\/seujobs.com\/terms\/#webpage\",\"url\":\"https:\/\/seujobs.com\/terms\/\",\"name\":\"Termos de Uso\u00a0 - Seu Jobs\",\"isPartOf\":{\"@id\":\"https:\/\/seujobs.com\/#website\"},\"datePublished\":\"2024-02-07T21:56:07+00:00\",\"dateModified\":\"2024-02-26T20:54:36+00:00\",\"breadcrumb\":{\"@id\":\"https:\/\/seujobs.com\/terms\/#breadcrumb\"},\"inLanguage\":\"es\",\"potentialAction\":[{\"@type\":\"ReadAction\",\"target\":[\"https:\/\/seujobs.com\/terms\/\"]}]},{\"@type\":\"BreadcrumbList\",\"@id\":\"https:\/\/seujobs.com\/terms\/#breadcrumb\",\"itemListElement\":[{\"@type\":\"ListItem\",\"position\":1,\"name\":\"Home\",\"item\":\"https:\/\/seujobs.com\/\"},{\"@type\":\"ListItem\",\"position\":2,\"name\":\"Termos de Uso\u00a0\"}]}]}<\/script>\n<!-- \/ Yoast SEO Premium plugin. -->","yoast_head_json":{"title":"Termos de Uso\u00a0 - Seu Jobs","robots":{"index":"index","follow":"follow","max-snippet":"max-snippet:-1","max-image-preview":"max-image-preview:large","max-video-preview":"max-video-preview:-1"},"canonical":"https:\/\/seujobs.com\/es\/terms\/","og_locale":"es_ES","og_type":"article","og_title":"Termos de Uso\u00a0","og_description":"Informa\u00e7\u00f5es atualizadas em 05 de fevereiro de 2024. POR FAVOR, LEIA NOSSOS TERMOS DE USO CUIDADOSAMENTE. SE VOC\u00ca N\u00c3O CONCORDA COM ESTES TERMOS, N\u00c3O USE OS SERVI\u00c7OS FORNECIDOS PELO SEU JOBS. O portal Seu Jobs, uma plataforma que engloba uma variedade de conte\u00fados sobre vagas de trabalho e dicas para carreira, \u00e9 gerenciado pela equipe&hellip; Continue reading Termos de Uso\u00a0","og_url":"https:\/\/seujobs.com\/es\/terms\/","og_site_name":"Seu Jobs","article_modified_time":"2024-02-26T20:54:36+00:00","twitter_card":"summary_large_image","twitter_misc":{"Est. reading time":"6 minutos"},"schema":{"@context":"https:\/\/schema.org","@graph":[{"@type":"WebSite","@id":"https:\/\/seujobs.com\/#website","url":"https:\/\/seujobs.com\/","name":"Seu Jobs","description":"","potentialAction":[{"@type":"SearchAction","target":{"@type":"EntryPoint","urlTemplate":"https:\/\/seujobs.com\/?s={search_term_string}"},"query-input":"required name=search_term_string"}],"inLanguage":"es"},{"@type":"WebPage","@id":"https:\/\/seujobs.com\/terms\/#webpage","url":"https:\/\/seujobs.com\/terms\/","name":"Termos de Uso\u00a0 - Seu Jobs","isPartOf":{"@id":"https:\/\/seujobs.com\/#website"},"datePublished":"2024-02-07T21:56:07+00:00","dateModified":"2024-02-26T20:54:36+00:00","breadcrumb":{"@id":"https:\/\/seujobs.com\/terms\/#breadcrumb"},"inLanguage":"es","potentialAction":[{"@type":"ReadAction","target":["https:\/\/seujobs.com\/terms\/"]}]},{"@type":"BreadcrumbList","@id":"https:\/\/seujobs.com\/terms\/#breadcrumb","itemListElement":[{"@type":"ListItem","position":1,"name":"Home","item":"https:\/\/seujobs.com\/"},{"@type":"ListItem","position":2,"name":"Termos de Uso\u00a0"}]}]}},"_links":{"self":[{"href":"https:\/\/seujobs.com\/es\/wp-json\/wp\/v2\/pages\/556"}],"collection":[{"href":"https:\/\/seujobs.com\/es\/wp-json\/wp\/v2\/pages"}],"about":[{"href":"https:\/\/seujobs.com\/es\/wp-json\/wp\/v2\/types\/page"}],"author":[{"embeddable":true,"href":"https:\/\/seujobs.com\/es\/wp-json\/wp\/v2\/users\/17"}],"replies":[{"embeddable":true,"href":"https:\/\/seujobs.com\/es\/wp-json\/wp\/v2\/comments?post=556"}],"version-history":[{"count":0,"href":"https:\/\/seujobs.com\/es\/wp-json\/wp\/v2\/pages\/556\/revisions"}],"wp:attachment":[{"href":"https:\/\/seujobs.com\/es\/wp-json\/wp\/v2\/media?parent=556"}],"curies":[{"name":"wp","href":"https:\/\/api.w.org\/{rel}","templated":true}]}}