{"id":556,"date":"2024-02-07T21:56:07","date_gmt":"2024-02-07T21:56:07","guid":{"rendered":"https:\/\/seujobs.com\/?page_id=556"},"modified":"2024-02-26T20:54:36","modified_gmt":"2024-02-26T20:54:36","slug":"terms","status":"publish","type":"page","link":"https:\/\/seujobs.com\/de\/terms\/","title":{"rendered":"Nutzungsbedingungen\u00a0"},"content":{"rendered":"<div class=\"mx-5 sm:mx-0 prose leading-relaxed text-lg mb-5 text-left wp-paragraph\">\n<p>Informationen aktualisiert am 5. Februar 2024.<\/p>\n<\/div><div class=\"mx-5 sm:mx-0 prose leading-relaxed text-lg mb-5 text-left wp-paragraph\">\n<p><strong>BITTE LESEN SIE UNSERE NUTZUNGSBEDINGUNGEN SORGF\u00c4LTIG DURCH. WENN SIE DIESEN BEDINGUNGEN NICHT ZUSTIMMEN, NUTZEN SIE DIE VON YOUR JOBS ANGEBOTENEN DIENSTE NICHT.<\/strong><\/p>\n<\/div><div class=\"mx-5 sm:mx-0 prose leading-relaxed text-lg mb-5 text-left wp-paragraph\">\n<p>Das Seu Jobs Portal, eine Plattform, die eine Vielzahl von Inhalten \u00fcber Stellenangebote und Karrieretipps umfasst, wird von dem zust\u00e4ndigen Team verwaltet, das in diesem speziellen Kontext als \u201ewir\u201c bezeichnet wird.<\/p>\n<\/div><div class=\"mx-5 sm:mx-0 prose leading-relaxed text-lg mb-5 text-left wp-paragraph\">\n<p>Der Zugriff auf und die Nutzung dieses Portals unterliegen den hierin beschriebenen Bedingungen und Richtlinien. Mit dem Zugriff auf das Portal erkl\u00e4rt sich der Nutzer mit allen in diesem Dokument enthaltenen Bestimmungen einverstanden.<\/p>\n<\/div><div class=\"mx-5 sm:mx-0 prose leading-relaxed text-lg mb-5 text-left wp-paragraph\">\n<p>Das Team von Seu Jobs beh\u00e4lt sich das Recht vor, diese Nutzungsbedingungen jederzeit und ohne vorherige Ank\u00fcndigung zu \u00e4ndern. Solche \u00c4nderungen werden auf dem Portal ver\u00f6ffentlicht und treten sofort in Kraft. Nutzer sind f\u00fcr ihr Verhalten innerhalb des Portals vollumf\u00e4nglich verantwortlich, und Seu Jobs \u00fcbernimmt keine Haftung f\u00fcr Sch\u00e4den oder Verluste, die Nutzern selbst oder Dritten entstehen.<\/p>\n<\/div><div class=\"mx-5 sm:mx-0 prose leading-relaxed text-lg mb-5 text-left wp-paragraph\">\n<p>Es ist den Nutzern untersagt, illegale, diffamierende, obsz\u00f6ne Inhalte oder Inhalte, die die Rechte Dritter verletzen, zu ver\u00f6ffentlichen, das Portal f\u00fcr kommerzielle Zwecke zu nutzen oder den Betrieb oder die angebotenen Dienste zu st\u00f6ren.<\/p>\n<\/div><div class=\"mx-5 sm:mx-0 prose leading-relaxed text-lg mb-5 text-left wp-paragraph\">\n<p>Seu Jobs erhebt und nutzt personenbezogene Daten der Nutzer zur Identifizierung, Registrierung und Bereitstellung von Dienstleistungen, wie in unserer Datenschutzerkl\u00e4rung detailliert beschrieben. Mit dem Zugriff auf und der Nutzung von Seu Jobs erkl\u00e4rt sich der Nutzer mit den in diesem Dokument festgelegten Bedingungen einverstanden. Sollten Sie diesen nicht zustimmen, bitten wir Sie, das Portal nicht zu nutzen.<\/p>\n<\/div><!--advertisement--><div class=\"mx-5 sm:mx-0 sm:text-3xl text-2xl font-medium title-font mb-4 text-gray-900 text-left\">\n<h2 id=\"h-secao-i-admissao\">Abschnitt I \u2013 Zulassung<\/h2>\n<\/div><div class=\"mx-5 sm:mx-0 prose leading-relaxed text-lg mb-5 text-left wp-paragraph\">\n<p>Durch die Nutzung der Inhalte und Dienste des Seu Jobs-Portals unterliegt der Nutzer folgenden Bedingungen: Er akzeptiert die Allgemeinen Nutzungsbedingungen und die Datenschutzerkl\u00e4rung und muss mindestens 18 Jahre alt und voll gesch\u00e4ftsf\u00e4hig sein. Erf\u00fcllt der Nutzer diese Voraussetzungen nicht, wird ihm empfohlen, die Dienste des Seu Jobs-Portals nicht zu nutzen.<\/p>\n<\/div><!--advertisement--><div class=\"mx-5 sm:mx-0 sm:text-3xl text-2xl font-medium title-font mb-4 text-gray-900 text-left\">\n<h2>Abschnitt II \u2013 Kontaktmethoden<\/h2>\n<\/div><div class=\"mx-5 sm:mx-0 prose leading-relaxed text-lg mb-5 text-left wp-paragraph\">\n<p>Zur Kontaktaufnahme kann der Nutzer seine Anfrage \u00fcber das Formular unter folgender Adresse einreichen: <a style=\" color:;\" href=\"https:\/\/seujobs.com\/de\/contact\/\" target=\"_blank\" rel=\"noreferrer noopener\">https:\/\/seujobs.com\/contact\/<\/a>Unser Support-Team steht Ihnen zur Verf\u00fcgung, um Fragen zu beantworten, Probleme zu l\u00f6sen oder Feedback entgegenzunehmen.<\/p>\n<\/div><!--advertisement--><div class=\"mx-5 sm:mx-0 sm:text-3xl text-2xl font-medium title-font mb-4 text-gray-900 text-left\">\n<h2>Abschnitt III \u2013 Gegenseitige Verantwortlichkeiten<\/h2>\n<\/div><div class=\"mx-5 sm:mx-0 prose leading-relaxed text-lg mb-5 text-left wp-paragraph\">\n<p>Mit der Nutzung der Dienste von Seu Jobs best\u00e4tigt der Nutzer, die Nutzungsbedingungen und die Datenschutzrichtlinie gelesen, verstanden und akzeptiert zu haben. Das Portal bietet Links zu externen Seiten an, ist jedoch nicht f\u00fcr die Richtlinien oder Nutzungsbedingungen dieser Websites verantwortlich. Es wird empfohlen, dass der Nutzer die Bedingungen und Richtlinien dieser Plattformen vor jeder Transaktion pr\u00fcft.<\/p>\n<\/div><div class=\"mx-5 sm:mx-0 prose leading-relaxed text-lg mb-5 text-left wp-paragraph\">\n<p>Wir \u00fcbernehmen keine Haftung f\u00fcr Sch\u00e4den, die durch Viren oder Schadsoftware beim Surfen im Internet oder bei der Daten\u00fcbertragung entstehen. Wir empfehlen Nutzern, Vorkehrungen zum Schutz ihres Systems zu treffen, beispielsweise durch die Verwendung aktueller Antiviren- und Firewall-Software. Wir haften auch nicht f\u00fcr Sch\u00e4den, die durch unsachgem\u00e4\u00dfe Nutzung der Website oder durch Ereignisse au\u00dferhalb unseres Einflussbereichs entstehen.<\/p>\n<\/div><div class=\"mx-5 sm:mx-0 prose leading-relaxed text-lg mb-5 text-left wp-paragraph\">\n<p>Wir ben\u00f6tigen keine Einzahlungen oder Bank\u00fcberweisungen zur Genehmigung oder Gew\u00e4hrung von Finanzprodukten. Solche Anfragen sollten Sie mit Vorsicht behandeln, da es sich um Betrugsversuche handeln k\u00f6nnte. Wir versenden keine E-Mails, in denen wir nach pers\u00f6nlichen Daten oder Registrierungsinformationen fragen. Sollten Sie solche Nachrichten erhalten, bitten wir Sie, uns umgehend \u00fcber das Formular auf [Website-Adresse] zu kontaktieren. <a style=\" color:;\" href=\"https:\/\/seujobs.com\/de\/contact\/\" target=\"_blank\" rel=\"noreferrer noopener\">https:\/\/seujobs.com\/contact\/<\/a>.<\/p>\n<\/div><!--advertisement--><div class=\"mx-5 sm:mx-0 sm:text-3xl text-2xl font-medium title-font mb-4 text-gray-900 text-left\">\n<h2>Abschnitt IV \u2013 Nutzungsbedingungen und Einschr\u00e4nkungen<\/h2>\n<\/div><div class=\"mx-5 sm:mx-0 prose leading-relaxed text-lg mb-5 text-left wp-paragraph\">\n<p>Um auf unsere Dienste und Inhalte zugreifen und diese nutzen zu k\u00f6nnen, muss der Nutzer die festgelegten Bedingungen und Beschr\u00e4nkungen einhalten, einschlie\u00dflich der rechtm\u00e4\u00dfigen Nutzung der Dienste, der Einhaltung des Gesetzes, der Achtung des geistigen Eigentums, des ethischen Verhaltens, der Wahrhaftigkeit von Informationen, der Sicherheit, der Achtung der Privatsph\u00e4re, der Vermeidung illegaler oder sch\u00e4dlicher Aktivit\u00e4ten, unzul\u00e4ssiger Zwecke und der technischen Integrit\u00e4t.&nbsp;<\/p>\n<\/div><div class=\"mx-5 sm:mx-0 prose leading-relaxed text-lg mb-5 text-left wp-paragraph\">\n<p>Seu Jobs beh\u00e4lt sich das Recht vor, den Zugang zu unseren Diensten im Falle eines Versto\u00dfes gegen diese Bestimmungen zu sperren.<\/p>\n<\/div><!--advertisement--><div class=\"mx-5 sm:mx-0 sm:text-3xl text-2xl font-medium title-font mb-4 text-gray-900 text-left\">\n<h2>Abschnitt V \u2013 Haftungsbeschr\u00e4nkungen und Gew\u00e4hrleistungen<\/h2>\n<\/div><div class=\"mx-5 sm:mx-0 prose leading-relaxed text-lg mb-5 text-left wp-paragraph\">\n<p>Seu Jobs bietet seine Dienste ohne jegliche Gew\u00e4hrleistung an. Der Nutzer erkennt an, dass die Nutzung der Dienste der Seu Jobs-Website Risiken bergen kann und dass die Verantwortung f\u00fcr jegliche Sch\u00e4den oder Verluste, die aus der Nutzung der Dienste entstehen, ausschlie\u00dflich beim Nutzer liegt.&nbsp;<\/p>\n<\/div><div class=\"mx-5 sm:mx-0 prose leading-relaxed text-lg mb-5 text-left wp-paragraph\">\n<p>Your Jobs, seine Direktoren, Mitarbeiter oder Partner haften nicht f\u00fcr indirekte, zuf\u00e4llige, besondere oder Folgesch\u00e4den.<\/p>\n<\/div><!--advertisement--><div class=\"mx-5 sm:mx-0 sm:text-3xl text-2xl font-medium title-font mb-4 text-gray-900 text-left\">\n<h2>Abschnitt VI \u2013 G\u00fcltigkeits- und Ablaufzeitraum<\/h2>\n<\/div><div class=\"mx-5 sm:mx-0 prose leading-relaxed text-lg mb-5 text-left wp-paragraph\">\n<p>Beschwerden im Zusammenhang mit der Nutzung der Website Seu Jobs m\u00fcssen innerhalb von 90 Tagen nach dem Ereignis, das Anlass zur Beschwerde gegeben hat, eingereicht werden. Die Allgemeinen Nutzungsbedingungen von Seu Jobs bleiben unbefristet g\u00fcltig.<\/p>\n<\/div><!--advertisement--><div class=\"mx-5 sm:mx-0 sm:text-3xl text-2xl font-medium title-font mb-4 text-gray-900 text-left\">\n<h2>Abschnitt VII \u2013 Gesetzgebung und Gerichtsbarkeit<\/h2>\n<\/div><div class=\"mx-5 sm:mx-0 prose leading-relaxed text-lg mb-5 text-left wp-paragraph\">\n<p>Die Allgemeinen Nutzungsbedingungen von Seu Jobs und die Datenschutzrichtlinie unterliegen den Gesetzen der F\u00f6derativen Republik Brasilien, einschlie\u00dflich der Bundesverfassung, des Zivilgesetzbuches, des Verbraucherschutzgesetzbuches, des Allgemeinen Gesetzes \u00fcber den Rahmen f\u00fcr b\u00fcrgerliche Rechte im Internet und des Allgemeinen Datenschutzgesetzes.<\/p>\n<\/div><!--advertisement--><div class=\"mx-5 sm:mx-0 sm:text-3xl text-2xl font-medium title-font mb-4 text-gray-900 text-left\">\n<h2>Abschnitt VIII \u2013 Inhalte und Rechte an geistigem Eigentum<\/h2>\n<\/div><div class=\"mx-5 sm:mx-0 prose leading-relaxed text-lg mb-5 text-left wp-paragraph\">\n<p>Die Inhalte von Seu Jobs, einschlie\u00dflich Texte, Bilder, Videos und sonstige Materialien, sind Eigentum von Seu Jobs und seinen Mitwirkenden und durch Urheberrechte und andere Bestimmungen zum Schutz geistigen Eigentums gesch\u00fctzt. Jegliche Vervielf\u00e4ltigung, Bearbeitung, Verbreitung, Darstellung oder Erstellung abgeleiteter Werke dieser Inhalte ohne die ausdr\u00fcckliche Genehmigung von Seu Jobs ist strengstens untersagt.<\/p>\n<\/div><div class=\"mx-5 sm:mx-0 prose leading-relaxed text-lg mb-5 text-left wp-paragraph\">\n<p>Seu Jobs \u00fcbernimmt keine Verantwortung f\u00fcr Inhalte Dritter, wie beispielsweise Kommentare und Beitr\u00e4ge in Foren oder sozialen Netzwerken. Dar\u00fcber hinaus haftet das Unternehmen nicht f\u00fcr Sch\u00e4den, die durch die Nutzung der Website entstehen, weder f\u00fcr direkte noch indirekte, zuf\u00e4llige oder Folgesch\u00e4den. Seu Jobs beh\u00e4lt sich das Recht vor, Inhalte zu entfernen, die gegen diese Bedingungen versto\u00dfen, insbesondere solche, die als rechtswidrig, beleidigend oder verleumderisch gelten oder die Rechte Dritter verletzen, und kann au\u00dferdem die Konten von Nutzern sperren, die gegen diese Bedingungen versto\u00dfen.<\/p>\n<\/div><!--advertisement--><div class=\"mx-5 sm:mx-0 sm:text-3xl text-2xl font-medium title-font mb-4 text-gray-900 text-left\">\n<h2>Abschnitt IX \u2013 \u00c4nderungen der Allgemeinen Gesch\u00e4ftsbedingungen<\/h2>\n<\/div><div class=\"mx-5 sm:mx-0 prose leading-relaxed text-lg mb-5 text-left wp-paragraph\">\n<p>Die von Seu Jobs angebotenen Dienste k\u00f6nnen jederzeit ohne vorherige Ank\u00fcndigung ge\u00e4ndert oder eingestellt werden. Seu Jobs \u00fcbernimmt gegen\u00fcber Nutzern oder Dritten keine Haftung f\u00fcr solche \u00c4nderungen. Die Annahme dieser Nutzungsbedingungen ist eine unwiderrufliche Voraussetzung f\u00fcr die Nutzung der Seu Jobs-Website. Nutzer, die diesen Bedingungen nicht zustimmen, sollten die Website nicht nutzen.<\/p>\n<\/div><!--advertisement--><div class=\"mx-5 sm:mx-0 sm:text-3xl text-2xl font-medium title-font mb-4 text-gray-900 text-left\">\n<h2>Abschnitt X \u2013 Kontaktinformationen<\/h2>\n<\/div><div class=\"mx-5 sm:mx-0 prose leading-relaxed text-lg mb-5 text-left wp-paragraph\">\n<p>Sollten Sie als Nutzer Anregungen oder Beschwerden bez\u00fcglich der Inhalte und Dienstleistungen der Seu Jobs-Website haben, empfehlen wir Ihnen, sich \u00fcber den daf\u00fcr vorgesehenen Kanal an unseren Kundenservice zu wenden. <a style=\" color:;\" href=\"https:\/\/seujobs.com\/de\/contact\/\" target=\"_blank\" rel=\"noreferrer noopener\">https:\/\/seujobs.com\/contact\/<\/a>.<\/p>\n<\/div>","protected":false},"excerpt":{"rendered":"<p>Informationen aktualisiert am 5. Februar 2024. BITTE LESEN SIE UNSERE NUTZUNGSBEDINGUNGEN SORGF\u00c4LTIG DURCH. WENN SIE DIESEN BEDINGUNGEN NICHT ZUSTIMMEN, NUTZEN SIE DIE DIENSTE VON SEU JOBS NICHT. Das Portal Seu Jobs, eine Plattform mit vielf\u00e4ltigen Inhalten zu Stellenangeboten und Karrieretipps, wird vom Team \u2026 verwaltet. <a class=\"more-link\" href=\"https:\/\/seujobs.com\/de\/terms\/\">Weiterlesen <span class=\"screen-reader-text\">Nutzungsbedingungen\u00a0<\/span><\/a><\/p>","protected":false},"author":17,"featured_media":0,"parent":0,"menu_order":0,"comment_status":"closed","ping_status":"closed","template":"","meta":[],"yoast_head":"<!-- This site is optimized with the Yoast SEO Premium plugin v18.7 (Yoast SEO v19.1) - https:\/\/yoast.com\/wordpress\/plugins\/seo\/ -->\n<title>Termos de Uso\u00a0 - Seu Jobs<\/title>\n<meta name=\"robots\" content=\"index, follow, max-snippet:-1, max-image-preview:large, max-video-preview:-1\" \/>\n<link rel=\"canonical\" href=\"https:\/\/seujobs.com\/de\/terms\/\" \/>\n<meta property=\"og:locale\" content=\"de_DE\" \/>\n<meta property=\"og:type\" content=\"article\" \/>\n<meta property=\"og:title\" content=\"Termos de Uso\u00a0\" \/>\n<meta property=\"og:description\" content=\"Informa\u00e7\u00f5es atualizadas em 05 de fevereiro de 2024. POR FAVOR, LEIA NOSSOS TERMOS DE USO CUIDADOSAMENTE. SE VOC\u00ca N\u00c3O CONCORDA COM ESTES TERMOS, N\u00c3O USE OS SERVI\u00c7OS FORNECIDOS PELO SEU JOBS. O portal Seu Jobs, uma plataforma que engloba uma variedade de conte\u00fados sobre vagas de trabalho e dicas para carreira, \u00e9 gerenciado pela equipe&hellip; Continue reading Termos de Uso\u00a0\" \/>\n<meta property=\"og:url\" content=\"https:\/\/seujobs.com\/de\/terms\/\" \/>\n<meta property=\"og:site_name\" content=\"Seu Jobs\" \/>\n<meta property=\"article:modified_time\" content=\"2024-02-26T20:54:36+00:00\" \/>\n<meta name=\"twitter:card\" content=\"summary_large_image\" \/>\n<meta name=\"twitter:label1\" content=\"Est. reading time\" \/>\n\t<meta name=\"twitter:data1\" content=\"6 Minuten\" \/>\n<script type=\"application\/ld+json\" class=\"yoast-schema-graph\">{\"@context\":\"https:\/\/schema.org\",\"@graph\":[{\"@type\":\"WebSite\",\"@id\":\"https:\/\/seujobs.com\/#website\",\"url\":\"https:\/\/seujobs.com\/\",\"name\":\"Seu Jobs\",\"description\":\"\",\"potentialAction\":[{\"@type\":\"SearchAction\",\"target\":{\"@type\":\"EntryPoint\",\"urlTemplate\":\"https:\/\/seujobs.com\/?s={search_term_string}\"},\"query-input\":\"required name=search_term_string\"}],\"inLanguage\":\"de-DE\"},{\"@type\":\"WebPage\",\"@id\":\"https:\/\/seujobs.com\/terms\/#webpage\",\"url\":\"https:\/\/seujobs.com\/terms\/\",\"name\":\"Termos de Uso\u00a0 - Seu Jobs\",\"isPartOf\":{\"@id\":\"https:\/\/seujobs.com\/#website\"},\"datePublished\":\"2024-02-07T21:56:07+00:00\",\"dateModified\":\"2024-02-26T20:54:36+00:00\",\"breadcrumb\":{\"@id\":\"https:\/\/seujobs.com\/terms\/#breadcrumb\"},\"inLanguage\":\"de-DE\",\"potentialAction\":[{\"@type\":\"ReadAction\",\"target\":[\"https:\/\/seujobs.com\/terms\/\"]}]},{\"@type\":\"BreadcrumbList\",\"@id\":\"https:\/\/seujobs.com\/terms\/#breadcrumb\",\"itemListElement\":[{\"@type\":\"ListItem\",\"position\":1,\"name\":\"Home\",\"item\":\"https:\/\/seujobs.com\/\"},{\"@type\":\"ListItem\",\"position\":2,\"name\":\"Termos de Uso\u00a0\"}]}]}<\/script>\n<!-- \/ Yoast SEO Premium plugin. -->","yoast_head_json":{"title":"Termos de Uso\u00a0 - Seu Jobs","robots":{"index":"index","follow":"follow","max-snippet":"max-snippet:-1","max-image-preview":"max-image-preview:large","max-video-preview":"max-video-preview:-1"},"canonical":"https:\/\/seujobs.com\/de\/terms\/","og_locale":"de_DE","og_type":"article","og_title":"Termos de Uso\u00a0","og_description":"Informa\u00e7\u00f5es atualizadas em 05 de fevereiro de 2024. POR FAVOR, LEIA NOSSOS TERMOS DE USO CUIDADOSAMENTE. SE VOC\u00ca N\u00c3O CONCORDA COM ESTES TERMOS, N\u00c3O USE OS SERVI\u00c7OS FORNECIDOS PELO SEU JOBS. O portal Seu Jobs, uma plataforma que engloba uma variedade de conte\u00fados sobre vagas de trabalho e dicas para carreira, \u00e9 gerenciado pela equipe&hellip; Continue reading Termos de Uso\u00a0","og_url":"https:\/\/seujobs.com\/de\/terms\/","og_site_name":"Seu Jobs","article_modified_time":"2024-02-26T20:54:36+00:00","twitter_card":"summary_large_image","twitter_misc":{"Est. reading time":"6 Minuten"},"schema":{"@context":"https:\/\/schema.org","@graph":[{"@type":"WebSite","@id":"https:\/\/seujobs.com\/#website","url":"https:\/\/seujobs.com\/","name":"Seu Jobs","description":"","potentialAction":[{"@type":"SearchAction","target":{"@type":"EntryPoint","urlTemplate":"https:\/\/seujobs.com\/?s={search_term_string}"},"query-input":"required name=search_term_string"}],"inLanguage":"de-DE"},{"@type":"WebPage","@id":"https:\/\/seujobs.com\/terms\/#webpage","url":"https:\/\/seujobs.com\/terms\/","name":"Termos de Uso\u00a0 - Seu Jobs","isPartOf":{"@id":"https:\/\/seujobs.com\/#website"},"datePublished":"2024-02-07T21:56:07+00:00","dateModified":"2024-02-26T20:54:36+00:00","breadcrumb":{"@id":"https:\/\/seujobs.com\/terms\/#breadcrumb"},"inLanguage":"de-DE","potentialAction":[{"@type":"ReadAction","target":["https:\/\/seujobs.com\/terms\/"]}]},{"@type":"BreadcrumbList","@id":"https:\/\/seujobs.com\/terms\/#breadcrumb","itemListElement":[{"@type":"ListItem","position":1,"name":"Home","item":"https:\/\/seujobs.com\/"},{"@type":"ListItem","position":2,"name":"Termos de Uso\u00a0"}]}]}},"_links":{"self":[{"href":"https:\/\/seujobs.com\/de\/wp-json\/wp\/v2\/pages\/556"}],"collection":[{"href":"https:\/\/seujobs.com\/de\/wp-json\/wp\/v2\/pages"}],"about":[{"href":"https:\/\/seujobs.com\/de\/wp-json\/wp\/v2\/types\/page"}],"author":[{"embeddable":true,"href":"https:\/\/seujobs.com\/de\/wp-json\/wp\/v2\/users\/17"}],"replies":[{"embeddable":true,"href":"https:\/\/seujobs.com\/de\/wp-json\/wp\/v2\/comments?post=556"}],"version-history":[{"count":0,"href":"https:\/\/seujobs.com\/de\/wp-json\/wp\/v2\/pages\/556\/revisions"}],"wp:attachment":[{"href":"https:\/\/seujobs.com\/de\/wp-json\/wp\/v2\/media?parent=556"}],"curies":[{"name":"wp","href":"https:\/\/api.w.org\/{rel}","templated":true}]}}